{"id":32,"date":"2020-10-27T15:41:38","date_gmt":"2020-10-27T14:41:38","guid":{"rendered":"https:\/\/www.geoproject.fr\/arpenteur\/?page_id=32"},"modified":"2020-10-30T13:54:17","modified_gmt":"2020-10-30T12:54:17","slug":"presentation","status":"publish","type":"page","link":"https:\/\/geoproject.fr\/arpenteur\/presentation\/","title":{"rendered":"Pr\u00e9sentation"},"content":{"rendered":"<p><span class=\"lettrine\">L<\/span>\u2018Atelier des Arpenteurs propose une s\u00e9rie de trois ateliers de pratique artistique autour de la r\u00e9cup\u00e9ration et la r\u00e9appropriation de cartes routi\u00e8res et paysag\u00e8res. Chacun sera invit\u00e9 \u00e0 travers ses souvenirs de cabanes \u00e0 associer la g\u00e9ographie, les sciences naturelles \u00e0 la po\u00e9sie. Cet atelier est aussi un temps de rencontres, d\u2019\u00e9changes, de bavardages. Pr\u00e9texte \u00e0 la conversation, \u00e0 la d\u00e9couverte de vocabulaire \u00ab g\u00e9opo\u00e9tique \u00bb, et \u00e0 sa mise en pratique.<\/p>\n<figure id=\"attachment_102\" aria-describedby=\"caption-attachment-102\" style=\"width: 800px\" class=\"wp-caption aligncenter\"><img loading=\"lazy\" decoding=\"async\" class=\"wp-image-102 size-full\" src=\"https:\/\/geoproject.fr\/arpenteur\/wp-content\/uploads\/sites\/17\/projects\/nb.png\" alt=\"\" width=\"800\" height=\"533\" srcset=\"https:\/\/geoproject.fr\/arpenteur\/wp-content\/uploads\/sites\/17\/projects\/nb.png 800w, https:\/\/geoproject.fr\/arpenteur\/wp-content\/uploads\/sites\/17\/projects\/nb-300x200.png 300w\" sizes=\"auto, (max-width: 800px) 100vw, 800px\" \/><figcaption id=\"caption-attachment-102\" class=\"wp-caption-text\">La cabane de Thoreau imprim\u00e9e, d\u00e9coup\u00e9e, mont\u00e9e par Marie de Salvatore<\/figcaption><\/figure>\n<blockquote><p>Entre souvenirs de cabanes et territoire d\u2019enfance, la cabane d\u2019H.D Thoreau sert ici de pr\u00e9texte \u00e0 d\u00e9velopper la cr\u00e9ativit\u00e9 des participants.<\/p><\/blockquote>\n<p>&nbsp;<\/p>\n","protected":false},"excerpt":{"rendered":"<p>L\u2018Atelier des Arpenteurs propose une s\u00e9rie de trois ateliers de pratique artistique autour de la r\u00e9cup\u00e9ration et la r\u00e9appropriation de cartes routi\u00e8res et paysag\u00e8res. Chacun sera invit\u00e9 \u00e0 travers ses souvenirs de cabanes \u00e0 associer la g\u00e9ographie, les sciences naturelles \u00e0 la po\u00e9sie. Cet atelier est aussi un temps de rencontres, d\u2019\u00e9changes, de bavardages. Pr\u00e9texte [&hellip;]<\/p>\n","protected":false},"author":2,"featured_media":0,"parent":0,"menu_order":0,"comment_status":"closed","ping_status":"closed","template":"","meta":{"_ef_editorial_meta_date_first-draft-date":"","_ef_editorial_meta_paragraph_assignment":"","_ef_editorial_meta_checkbox_needs-photo":"","_ef_editorial_meta_number_word-count":"","_ef_editorial_meta_checkbox_dessins":"","_ef_editorial_meta_user_auteur":"","footnotes":""},"class_list":["post-32","page","type-page","status-publish","hentry"],"_links":{"self":[{"href":"https:\/\/geoproject.fr\/arpenteur\/wp-json\/wp\/v2\/pages\/32","targetHints":{"allow":["GET"]}}],"collection":[{"href":"https:\/\/geoproject.fr\/arpenteur\/wp-json\/wp\/v2\/pages"}],"about":[{"href":"https:\/\/geoproject.fr\/arpenteur\/wp-json\/wp\/v2\/types\/page"}],"author":[{"embeddable":true,"href":"https:\/\/geoproject.fr\/arpenteur\/wp-json\/wp\/v2\/users\/2"}],"replies":[{"embeddable":true,"href":"https:\/\/geoproject.fr\/arpenteur\/wp-json\/wp\/v2\/comments?post=32"}],"version-history":[{"count":32,"href":"https:\/\/geoproject.fr\/arpenteur\/wp-json\/wp\/v2\/pages\/32\/revisions"}],"predecessor-version":[{"id":168,"href":"https:\/\/geoproject.fr\/arpenteur\/wp-json\/wp\/v2\/pages\/32\/revisions\/168"}],"wp:attachment":[{"href":"https:\/\/geoproject.fr\/arpenteur\/wp-json\/wp\/v2\/media?parent=32"}],"curies":[{"name":"wp","href":"https:\/\/api.w.org\/{rel}","templated":true}]}}