{"id":234,"date":"2020-03-06T14:48:38","date_gmt":"2020-03-06T13:48:38","guid":{"rendered":"http:\/\/www.geoproject.fr\/projetmemoire\/?page_id=234"},"modified":"2021-05-15T20:49:22","modified_gmt":"2021-05-15T18:49:22","slug":"presentation-2","status":"publish","type":"page","link":"https:\/\/geoproject.fr\/projetmemoire\/presentation-2\/","title":{"rendered":"Pr\u00e9sentation"},"content":{"rendered":"<p><span class=\"lettrine\">E<\/span>n f\u00e9vrier 2018, est \u00e9crit un projet consistant \u00e0 sensibiliser et impliquer les \u00e9l\u00e8ves de l\u2019\u00e9cole \u00e9l\u00e9mentaire Albert-Camus et du coll\u00e8ge Jules-Vall\u00e8s \u00e0 l\u2019\u00e9volution de leur quartier et \u00e0 la construction de nouveaux \u00e9quipements. Pr\u00e9vu sur trois ans, il s'appuie sur la mise en place d\u2019ateliers dont l\u2019objectif premier sera de placer les \u00e9l\u00e8ves au centre de ces transformations.<\/p>\n<p>\u00c0 l'\u00e9cole, un groupe de 10 \u00e9l\u00e8ves de niveau CE2 s'est engag\u00e9 depuis maintenant trois ans sur le projet d'atelier photo\/m\u00e9moire men\u00e9 par Mme Charri\u00e9, photographe de NEGPOS, et accompagn\u00e9 par des enseignantes.<\/p>\n<p>Un deuxi\u00e8me groupe d\u2019une cinquantaine d'\u00e9l\u00e8ves du CP au CM2 inscrit \u00e0 l\u2019accompagnement \u00e9ducatif de l\u2019\u00e9cole a particip\u00e9 au dispositif \u2018\u2019Mon quartier se transforme\u2019\u2019. Il est pens\u00e9 comme un \u00e9change interactif entre les diff\u00e9rents groupes d\u2019enfants, ceux relevant de l\u2019accompagnement \u00e9ducatif et ceux relevant de l\u2019atelier photo\/m\u00e9moire.<\/p>\n<img loading=\"lazy\" decoding=\"async\" class=\"aligncenter wp-image-671\" src=\"https:\/\/geoproject.fr\/projetmemoire\/wp-content\/uploads\/sites\/13\/2021\/05\/Photo-groupe.jpg\" alt=\"\" width=\"800\" height=\"533\" srcset=\"https:\/\/geoproject.fr\/projetmemoire\/wp-content\/uploads\/sites\/13\/2021\/05\/Photo-groupe.jpg 2160w, https:\/\/geoproject.fr\/projetmemoire\/wp-content\/uploads\/sites\/13\/2021\/05\/Photo-groupe-300x200.jpg 300w, https:\/\/geoproject.fr\/projetmemoire\/wp-content\/uploads\/sites\/13\/2021\/05\/Photo-groupe-1024x683.jpg 1024w, https:\/\/geoproject.fr\/projetmemoire\/wp-content\/uploads\/sites\/13\/2021\/05\/Photo-groupe-1536x1024.jpg 1536w, https:\/\/geoproject.fr\/projetmemoire\/wp-content\/uploads\/sites\/13\/2021\/05\/Photo-groupe-2048x1365.jpg 2048w, https:\/\/geoproject.fr\/projetmemoire\/wp-content\/uploads\/sites\/13\/2021\/05\/Photo-groupe-800x533.jpg 800w\" sizes=\"auto, (max-width: 800px) 100vw, 800px\" \/>\n<p>En ce qui concerne le coll\u00e8ge, les ateliers photos sont r\u00e9alis\u00e9s dans le cadre de l'\u00e9cole ouverte. Ils r\u00e9unissent chaque ann\u00e9e une dizaine de jeunes. Leurs axes d\u2019investigation sont les m\u00eames qu'en primaire.<\/p>\n<p>Ce r\u00e9cit cartographique G\u00e9oproject, r\u00e9alis\u00e9 par l\u2019ensemble des jeunes photographes, est le reflet de ces trois ann\u00e9es de d\u00e9couverte de la transformation de leur quartier, le Mas de Mingue.<\/p>\n<p>En ce mois de juin 2021, \u00e0 l'issue de ces trois ann\u00e9es, une exposition des \u0153uvres des jeunes reporters se tient au mur d'\u00c9tude du mus\u00e9e Carr\u00e9 d'art de N\u00eemes. Vous y d\u00e9couvrirez leurs photographies, diaporama et plateforme num\u00e9rique.<\/p>\n<p>&nbsp;<\/p>\n<p>Juin 2021.<\/p>\n<p>&nbsp;<\/p>\n","protected":false},"excerpt":{"rendered":"<p>En f\u00e9vrier 2018, est \u00e9crit un projet consistant \u00e0 sensibiliser et impliquer les \u00e9l\u00e8ves de l\u2019\u00e9cole \u00e9l\u00e9mentaire Albert-Camus et du coll\u00e8ge Jules-Vall\u00e8s \u00e0 l\u2019\u00e9volution de leur quartier et \u00e0 la construction de nouveaux \u00e9quipements. Pr\u00e9vu sur trois ans, il s&rsquo;appuie sur la mise en place d\u2019ateliers dont l\u2019objectif premier sera de placer les \u00e9l\u00e8ves au [&hellip;]<\/p>\n","protected":false},"author":2,"featured_media":0,"parent":0,"menu_order":0,"comment_status":"closed","ping_status":"closed","template":"","meta":{"footnotes":""},"class_list":["post-234","page","type-page","status-publish","hentry"],"_links":{"self":[{"href":"https:\/\/geoproject.fr\/projetmemoire\/wp-json\/wp\/v2\/pages\/234","targetHints":{"allow":["GET"]}}],"collection":[{"href":"https:\/\/geoproject.fr\/projetmemoire\/wp-json\/wp\/v2\/pages"}],"about":[{"href":"https:\/\/geoproject.fr\/projetmemoire\/wp-json\/wp\/v2\/types\/page"}],"author":[{"embeddable":true,"href":"https:\/\/geoproject.fr\/projetmemoire\/wp-json\/wp\/v2\/users\/2"}],"replies":[{"embeddable":true,"href":"https:\/\/geoproject.fr\/projetmemoire\/wp-json\/wp\/v2\/comments?post=234"}],"version-history":[{"count":8,"href":"https:\/\/geoproject.fr\/projetmemoire\/wp-json\/wp\/v2\/pages\/234\/revisions"}],"predecessor-version":[{"id":848,"href":"https:\/\/geoproject.fr\/projetmemoire\/wp-json\/wp\/v2\/pages\/234\/revisions\/848"}],"wp:attachment":[{"href":"https:\/\/geoproject.fr\/projetmemoire\/wp-json\/wp\/v2\/media?parent=234"}],"curies":[{"name":"wp","href":"https:\/\/api.w.org\/{rel}","templated":true}]}}